{"id":2239,"date":"2023-09-03T16:05:28","date_gmt":"2023-09-03T16:05:28","guid":{"rendered":"https:\/\/physio-oberson.ch\/?page_id=2239"},"modified":"2024-06-05T08:44:53","modified_gmt":"2024-06-05T08:44:53","slug":"qui-suis-je","status":"publish","type":"page","link":"https:\/\/physio-oberson.ch\/index.php\/fr\/qui-suis-je\/","title":{"rendered":"Qui Suis-Je"},"content":{"rendered":"\t\t<div data-elementor-type=\"wp-page\" data-elementor-id=\"2239\" class=\"elementor elementor-2239\">\n\t\t\t\t\t\t<section class=\"elementor-section elementor-top-section elementor-element elementor-element-3447f83 elementor-section-height-min-height elementor-section-full_width elementor-section-items-stretch elementor-section-content-space-between elementor-section-height-default\" data-id=\"3447f83\" data-element_type=\"section\" data-e-type=\"section\" data-settings=\"{&quot;background_background&quot;:&quot;classic&quot;}\">\n\t\t\t\t\t\t<div class=\"elementor-container elementor-column-gap-default\">\n\t\t\t\t\t<div class=\"elementor-column elementor-col-100 elementor-top-column elementor-element elementor-element-b3a35f8\" data-id=\"b3a35f8\" data-element_type=\"column\" data-e-type=\"column\">\n\t\t\t<div class=\"elementor-widget-wrap elementor-element-populated\">\n\t\t\t\t\t\t<div class=\"elementor-element elementor-element-32eb271 elementor-widget elementor-widget-heading\" data-id=\"32eb271\" data-element_type=\"widget\" data-e-type=\"widget\" data-widget_type=\"heading.default\">\n\t\t\t\t<div class=\"elementor-widget-container\">\n\t\t\t\t\t<h1 class=\"elementor-heading-title elementor-size-default\">Qui suis-je<\/h1>\t\t\t\t<\/div>\n\t\t\t\t<\/div>\n\t\t\t\t<div class=\"elementor-element elementor-element-55a665b elementor-widget elementor-widget-text-editor\" data-id=\"55a665b\" data-element_type=\"widget\" data-e-type=\"widget\" data-widget_type=\"text-editor.default\">\n\t\t\t\t<div class=\"elementor-widget-container\">\n\t\t\t\t\t\t\t\t\t<a href=\"https:\/\/de.freepik.com\/serie\/16601933\">\u00a9<\/a>\t\t\t\t\t\t\t\t<\/div>\n\t\t\t\t<\/div>\n\t\t\t\t\t<\/div>\n\t\t<\/div>\n\t\t\t\t\t<\/div>\n\t\t<\/section>\n\t\t\t\t<section class=\"elementor-section elementor-top-section elementor-element elementor-element-460970c elementor-section-boxed elementor-section-height-default elementor-section-height-default\" data-id=\"460970c\" data-element_type=\"section\" data-e-type=\"section\">\n\t\t\t\t\t\t<div class=\"elementor-container elementor-column-gap-wide\">\n\t\t\t\t\t<div class=\"elementor-column elementor-col-50 elementor-top-column elementor-element elementor-element-21f68a6\" data-id=\"21f68a6\" data-element_type=\"column\" data-e-type=\"column\">\n\t\t\t<div class=\"elementor-widget-wrap elementor-element-populated\">\n\t\t\t\t\t\t<div class=\"elementor-element elementor-element-670e6d2 elementor-widget elementor-widget-image\" data-id=\"670e6d2\" data-element_type=\"widget\" data-e-type=\"widget\" data-widget_type=\"image.default\">\n\t\t\t\t<div class=\"elementor-widget-container\">\n\t\t\t\t\t\t\t\t\t\t\t\t\t\t\t<img fetchpriority=\"high\" decoding=\"async\" width=\"843\" height=\"1000\" src=\"https:\/\/physio-oberson.ch\/wp-content\/uploads\/2023\/02\/HOCH_0257_4.jpg\" class=\"attachment-large size-large wp-image-39\" alt=\"\" srcset=\"https:\/\/physio-oberson.ch\/wp-content\/uploads\/2023\/02\/HOCH_0257_4.jpg 843w, https:\/\/physio-oberson.ch\/wp-content\/uploads\/2023\/02\/HOCH_0257_4-253x300.jpg 253w, https:\/\/physio-oberson.ch\/wp-content\/uploads\/2023\/02\/HOCH_0257_4-768x911.jpg 768w\" sizes=\"(max-width: 843px) 100vw, 843px\" \/>\t\t\t\t\t\t\t\t\t\t\t\t\t\t\t<\/div>\n\t\t\t\t<\/div>\n\t\t\t\t\t<\/div>\n\t\t<\/div>\n\t\t\t\t<div class=\"elementor-column elementor-col-50 elementor-top-column elementor-element elementor-element-bc42c60\" data-id=\"bc42c60\" data-element_type=\"column\" data-e-type=\"column\">\n\t\t\t<div class=\"elementor-widget-wrap elementor-element-populated\">\n\t\t\t\t\t\t<div class=\"elementor-element elementor-element-0073403 elementor-widget elementor-widget-heading\" data-id=\"0073403\" data-element_type=\"widget\" data-e-type=\"widget\" data-widget_type=\"heading.default\">\n\t\t\t\t<div class=\"elementor-widget-container\">\n\t\t\t\t\t<h2 class=\"elementor-heading-title elementor-size-default\">Jean-marc oberson\n<\/h2>\t\t\t\t<\/div>\n\t\t\t\t<\/div>\n\t\t\t\t<div class=\"elementor-element elementor-element-60241e2 elementor-widget elementor-widget-text-editor\" data-id=\"60241e2\" data-element_type=\"widget\" data-e-type=\"widget\" data-widget_type=\"text-editor.default\">\n\t\t\t\t<div class=\"elementor-widget-container\">\n\t\t\t\t\t\t\t\t\t<p>Je m&#8217;appelle Jean-Marc Oberson, et je suis physioth\u00e9rapeute agr\u00e9\u00e9 par le SRK (Swiss Red Cross). J&#8217;ai environ 25 ans d&#8217;exp\u00e9rience professionnelle qui m&#8217;aident \u00e0 r\u00e9pondre aux besoins de mes patients.<\/p><p>\u00a0<\/p><p>Ma plus grande motivation dans l&#8217;exercice de ma profession est d&#8217;obtenir une am\u00e9lioration durable des sympt\u00f4mes de mes patients et d&#8217;am\u00e9liorer leur qualit\u00e9 de vie gr\u00e2ce \u00e0 l&#8217;expertise, \u00e0 la professionnalisme, \u00e0 la confiance et \u00e0 l&#8217;empathie.<\/p><p>\u00a0<\/p><p>Je prends plaisir \u00e0 transmettre mes connaissances de mani\u00e8re \u00e0 ce que les patients comprennent les liens et puissent influencer positivement et soulager leurs sympt\u00f4mes dans leur vie quotidienne.<\/p><p>\u00a0<\/p><p>Vous trouverez <a href=\"https:\/\/physio-oberson.ch\/index.php\/fr\/mes-services\/\">ici<\/a> mon concept de th\u00e9rapie et les types de th\u00e9rapies que j&#8217;offre.<\/p>\t\t\t\t\t\t\t\t<\/div>\n\t\t\t\t<\/div>\n\t\t\t\t\t<\/div>\n\t\t<\/div>\n\t\t\t\t\t<\/div>\n\t\t<\/section>\n\t\t\t\t<section class=\"elementor-section elementor-top-section elementor-element elementor-element-ac430eb elementor-section-content-space-between elementor-section-full_width elementor-section-height-min-height elementor-section-items-top elementor-section-stretched elementor-section-height-default\" data-id=\"ac430eb\" data-element_type=\"section\" data-e-type=\"section\" data-settings=\"{&quot;background_background&quot;:&quot;classic&quot;,&quot;stretch_section&quot;:&quot;section-stretched&quot;}\">\n\t\t\t\t\t\t<div class=\"elementor-container elementor-column-gap-default\">\n\t\t\t\t\t<div class=\"elementor-column elementor-col-100 elementor-top-column elementor-element elementor-element-1b75528\" data-id=\"1b75528\" data-element_type=\"column\" data-e-type=\"column\">\n\t\t\t<div class=\"elementor-widget-wrap elementor-element-populated\">\n\t\t\t\t\t\t<div class=\"elementor-element elementor-element-53de8de elementor-widget elementor-widget-heading\" data-id=\"53de8de\" data-element_type=\"widget\" data-e-type=\"widget\" data-widget_type=\"heading.default\">\n\t\t\t\t<div class=\"elementor-widget-container\">\n\t\t\t\t\t<h2 class=\"elementor-heading-title elementor-size-default\">prendre rendez-vous<\/h2>\t\t\t\t<\/div>\n\t\t\t\t<\/div>\n\t\t\t\t<div class=\"elementor-element elementor-element-8e1e5ec elementor-widget elementor-widget-text-editor\" data-id=\"8e1e5ec\" data-element_type=\"widget\" data-e-type=\"widget\" data-widget_type=\"text-editor.default\">\n\t\t\t\t<div class=\"elementor-widget-container\">\n\t\t\t\t\t\t\t\t\t<p>Contactez-moi aujourd&#8217;hui<\/p>\t\t\t\t\t\t\t\t<\/div>\n\t\t\t\t<\/div>\n\t\t\t\t<div class=\"elementor-element elementor-element-4420bac elementor-align-center elementor-widget elementor-widget-button\" data-id=\"4420bac\" data-element_type=\"widget\" data-e-type=\"widget\" data-widget_type=\"button.default\">\n\t\t\t\t<div class=\"elementor-widget-container\">\n\t\t\t\t\t\t\t\t\t<div class=\"elementor-button-wrapper\">\n\t\t\t\t\t<a class=\"elementor-button elementor-button-link elementor-size-sm\" href=\"https:\/\/physio-oberson.ch\/index.php\/fr\/contact-fra\/\">\n\t\t\t\t\t\t<span class=\"elementor-button-content-wrapper\">\n\t\t\t\t\t\t\t\t\t<span class=\"elementor-button-text\">Contacter<\/span>\n\t\t\t\t\t<\/span>\n\t\t\t\t\t<\/a>\n\t\t\t\t<\/div>\n\t\t\t\t\t\t\t\t<\/div>\n\t\t\t\t<\/div>\n\t\t\t\t<div class=\"elementor-element elementor-element-3d3b833 elementor-widget elementor-widget-text-editor\" data-id=\"3d3b833\" data-element_type=\"widget\" data-e-type=\"widget\" data-widget_type=\"text-editor.default\">\n\t\t\t\t<div class=\"elementor-widget-container\">\n\t\t\t\t\t\t\t\t\t<a href=\"https:\/\/www.freepik.com\/free-photo\/patient-doing-physical-rehabilitation-helped-by-therapists_21539995.htm#query=physiotherapy&amp;position=6&amp;from_view=search&amp;track=sph\">\u00a9<\/a>\t\t\t\t\t\t\t\t<\/div>\n\t\t\t\t<\/div>\n\t\t\t\t\t<\/div>\n\t\t<\/div>\n\t\t\t\t\t<\/div>\n\t\t<\/section>\n\t\t\t\t<\/div>\n\t\t","protected":false},"excerpt":{"rendered":"<p>Qui suis-je \u00a9 Jean-marc oberson Je m&#8217;appelle Jean-Marc Oberson, et je suis physioth\u00e9rapeute agr\u00e9\u00e9 par le SRK (Swiss Red Cross). J&#8217;ai environ 25 ans d&#8217;exp\u00e9rience professionnelle qui m&#8217;aident \u00e0 r\u00e9pondre aux besoins de mes patients. \u00a0 Ma plus grande motivation dans l&#8217;exercice de ma profession est d&#8217;obtenir une am\u00e9lioration durable des sympt\u00f4mes de mes patients [&hellip;]<\/p>\n","protected":false},"author":1,"featured_media":0,"parent":0,"menu_order":0,"comment_status":"closed","ping_status":"closed","template":"","meta":{"site-sidebar-layout":"no-sidebar","site-content-layout":"page-builder","ast-site-content-layout":"full-width-container","site-content-style":"unboxed","site-sidebar-style":"unboxed","ast-global-header-display":"","ast-banner-title-visibility":"","ast-main-header-display":"","ast-hfb-above-header-display":"","ast-hfb-below-header-display":"","ast-hfb-mobile-header-display":"","site-post-title":"disabled","ast-breadcrumbs-content":"","ast-featured-img":"disabled","footer-sml-layout":"","ast-disable-related-posts":"","theme-transparent-header-meta":"enabled","adv-header-id-meta":"","stick-header-meta":"","header-above-stick-meta":"","header-main-stick-meta":"","header-below-stick-meta":"","astra-migrate-meta-layouts":"set","ast-page-background-enabled":"default","ast-page-background-meta":{"desktop":{"background-color":"var(--ast-global-color-4)","background-image":"","background-repeat":"repeat","background-position":"center center","background-size":"auto","background-attachment":"scroll","background-type":"","background-media":"","overlay-type":"","overlay-color":"","overlay-opacity":"","overlay-gradient":""},"tablet":{"background-color":"","background-image":"","background-repeat":"repeat","background-position":"center center","background-size":"auto","background-attachment":"scroll","background-type":"","background-media":"","overlay-type":"","overlay-color":"","overlay-opacity":"","overlay-gradient":""},"mobile":{"background-color":"","background-image":"","background-repeat":"repeat","background-position":"center center","background-size":"auto","background-attachment":"scroll","background-type":"","background-media":"","overlay-type":"","overlay-color":"","overlay-opacity":"","overlay-gradient":""}},"ast-content-background-meta":{"desktop":{"background-color":"var(--ast-global-color-5)","background-image":"","background-repeat":"repeat","background-position":"center center","background-size":"auto","background-attachment":"scroll","background-type":"","background-media":"","overlay-type":"","overlay-color":"","overlay-opacity":"","overlay-gradient":""},"tablet":{"background-color":"var(--ast-global-color-5)","background-image":"","background-repeat":"repeat","background-position":"center center","background-size":"auto","background-attachment":"scroll","background-type":"","background-media":"","overlay-type":"","overlay-color":"","overlay-opacity":"","overlay-gradient":""},"mobile":{"background-color":"var(--ast-global-color-5)","background-image":"","background-repeat":"repeat","background-position":"center center","background-size":"auto","background-attachment":"scroll","background-type":"","background-media":"","overlay-type":"","overlay-color":"","overlay-opacity":"","overlay-gradient":""}},"footnotes":""},"class_list":["post-2239","page","type-page","status-publish","hentry"],"yoast_head":"<!-- This site is optimized with the Yoast SEO plugin v21.3 - https:\/\/yoast.com\/wordpress\/plugins\/seo\/ -->\n<title>Qui Suis-Je - Physio Oberson<\/title>\n<meta name=\"robots\" content=\"index, follow, max-snippet:-1, max-image-preview:large, max-video-preview:-1\" \/>\n<link rel=\"canonical\" href=\"https:\/\/physio-oberson.ch\/index.php\/fr\/qui-suis-je\/\" \/>\n<meta property=\"og:locale\" content=\"en_US\" \/>\n<meta property=\"og:type\" content=\"article\" \/>\n<meta property=\"og:title\" content=\"Qui Suis-Je - Physio Oberson\" \/>\n<meta property=\"og:description\" content=\"Qui suis-je \u00a9 Jean-marc oberson Je m&#8217;appelle Jean-Marc Oberson, et je suis physioth\u00e9rapeute agr\u00e9\u00e9 par le SRK (Swiss Red Cross). J&#8217;ai environ 25 ans d&#8217;exp\u00e9rience professionnelle qui m&#8217;aident \u00e0 r\u00e9pondre aux besoins de mes patients. \u00a0 Ma plus grande motivation dans l&#8217;exercice de ma profession est d&#8217;obtenir une am\u00e9lioration durable des sympt\u00f4mes de mes patients [&hellip;]\" \/>\n<meta property=\"og:url\" content=\"https:\/\/physio-oberson.ch\/index.php\/fr\/qui-suis-je\/\" \/>\n<meta property=\"og:site_name\" content=\"Physio Oberson\" \/>\n<meta property=\"article:modified_time\" content=\"2024-06-05T08:44:53+00:00\" \/>\n<meta property=\"og:image\" content=\"https:\/\/physio-oberson.ch\/wp-content\/uploads\/2023\/02\/HOCH_0257_4.jpg\" \/>\n<meta name=\"twitter:card\" content=\"summary_large_image\" \/>\n<meta name=\"twitter:label1\" content=\"Est. reading time\" \/>\n\t<meta name=\"twitter:data1\" content=\"1 minute\" \/>\n<script type=\"application\/ld+json\" class=\"yoast-schema-graph\">{\"@context\":\"https:\/\/schema.org\",\"@graph\":[{\"@type\":\"WebPage\",\"@id\":\"https:\/\/physio-oberson.ch\/index.php\/fr\/qui-suis-je\/\",\"url\":\"https:\/\/physio-oberson.ch\/index.php\/fr\/qui-suis-je\/\",\"name\":\"Qui Suis-Je - Physio Oberson\",\"isPartOf\":{\"@id\":\"https:\/\/physio-oberson.ch\/#website\"},\"datePublished\":\"2023-09-03T16:05:28+00:00\",\"dateModified\":\"2024-06-05T08:44:53+00:00\",\"breadcrumb\":{\"@id\":\"https:\/\/physio-oberson.ch\/index.php\/fr\/qui-suis-je\/#breadcrumb\"},\"inLanguage\":\"en-US\",\"potentialAction\":[{\"@type\":\"ReadAction\",\"target\":[\"https:\/\/physio-oberson.ch\/index.php\/fr\/qui-suis-je\/\"]}]},{\"@type\":\"BreadcrumbList\",\"@id\":\"https:\/\/physio-oberson.ch\/index.php\/fr\/qui-suis-je\/#breadcrumb\",\"itemListElement\":[{\"@type\":\"ListItem\",\"position\":1,\"name\":\"Home\",\"item\":\"https:\/\/physio-oberson.ch\/\"},{\"@type\":\"ListItem\",\"position\":2,\"name\":\"Qui Suis-Je\"}]},{\"@type\":\"WebSite\",\"@id\":\"https:\/\/physio-oberson.ch\/#website\",\"url\":\"https:\/\/physio-oberson.ch\/\",\"name\":\"Physio Oberson\",\"description\":\"Physiotherapie in Thalwil am Z\u00fcrichsee\",\"publisher\":{\"@id\":\"https:\/\/physio-oberson.ch\/#organization\"},\"potentialAction\":[{\"@type\":\"SearchAction\",\"target\":{\"@type\":\"EntryPoint\",\"urlTemplate\":\"https:\/\/physio-oberson.ch\/?s={search_term_string}\"},\"query-input\":\"required name=search_term_string\"}],\"inLanguage\":\"en-US\"},{\"@type\":\"Organization\",\"@id\":\"https:\/\/physio-oberson.ch\/#organization\",\"name\":\"Physio Oberson\",\"url\":\"https:\/\/physio-oberson.ch\/\",\"logo\":{\"@type\":\"ImageObject\",\"inLanguage\":\"en-US\",\"@id\":\"https:\/\/physio-oberson.ch\/#\/schema\/logo\/image\/\",\"url\":\"https:\/\/physio-oberson.ch\/wp-content\/uploads\/2023\/04\/cropped-Physio-Oberson-A1.png\",\"contentUrl\":\"https:\/\/physio-oberson.ch\/wp-content\/uploads\/2023\/04\/cropped-Physio-Oberson-A1.png\",\"width\":2043,\"height\":749,\"caption\":\"Physio Oberson\"},\"image\":{\"@id\":\"https:\/\/physio-oberson.ch\/#\/schema\/logo\/image\/\"}}]}<\/script>\n<!-- \/ Yoast SEO plugin. -->","yoast_head_json":{"title":"Qui Suis-Je - Physio Oberson","robots":{"index":"index","follow":"follow","max-snippet":"max-snippet:-1","max-image-preview":"max-image-preview:large","max-video-preview":"max-video-preview:-1"},"canonical":"https:\/\/physio-oberson.ch\/index.php\/fr\/qui-suis-je\/","og_locale":"en_US","og_type":"article","og_title":"Qui Suis-Je - Physio Oberson","og_description":"Qui suis-je \u00a9 Jean-marc oberson Je m&#8217;appelle Jean-Marc Oberson, et je suis physioth\u00e9rapeute agr\u00e9\u00e9 par le SRK (Swiss Red Cross). J&#8217;ai environ 25 ans d&#8217;exp\u00e9rience professionnelle qui m&#8217;aident \u00e0 r\u00e9pondre aux besoins de mes patients. \u00a0 Ma plus grande motivation dans l&#8217;exercice de ma profession est d&#8217;obtenir une am\u00e9lioration durable des sympt\u00f4mes de mes patients [&hellip;]","og_url":"https:\/\/physio-oberson.ch\/index.php\/fr\/qui-suis-je\/","og_site_name":"Physio Oberson","article_modified_time":"2024-06-05T08:44:53+00:00","og_image":[{"url":"https:\/\/physio-oberson.ch\/wp-content\/uploads\/2023\/02\/HOCH_0257_4.jpg"}],"twitter_card":"summary_large_image","twitter_misc":{"Est. reading time":"1 minute"},"schema":{"@context":"https:\/\/schema.org","@graph":[{"@type":"WebPage","@id":"https:\/\/physio-oberson.ch\/index.php\/fr\/qui-suis-je\/","url":"https:\/\/physio-oberson.ch\/index.php\/fr\/qui-suis-je\/","name":"Qui Suis-Je - Physio Oberson","isPartOf":{"@id":"https:\/\/physio-oberson.ch\/#website"},"datePublished":"2023-09-03T16:05:28+00:00","dateModified":"2024-06-05T08:44:53+00:00","breadcrumb":{"@id":"https:\/\/physio-oberson.ch\/index.php\/fr\/qui-suis-je\/#breadcrumb"},"inLanguage":"en-US","potentialAction":[{"@type":"ReadAction","target":["https:\/\/physio-oberson.ch\/index.php\/fr\/qui-suis-je\/"]}]},{"@type":"BreadcrumbList","@id":"https:\/\/physio-oberson.ch\/index.php\/fr\/qui-suis-je\/#breadcrumb","itemListElement":[{"@type":"ListItem","position":1,"name":"Home","item":"https:\/\/physio-oberson.ch\/"},{"@type":"ListItem","position":2,"name":"Qui Suis-Je"}]},{"@type":"WebSite","@id":"https:\/\/physio-oberson.ch\/#website","url":"https:\/\/physio-oberson.ch\/","name":"Physio Oberson","description":"Physiotherapie in Thalwil am Z\u00fcrichsee","publisher":{"@id":"https:\/\/physio-oberson.ch\/#organization"},"potentialAction":[{"@type":"SearchAction","target":{"@type":"EntryPoint","urlTemplate":"https:\/\/physio-oberson.ch\/?s={search_term_string}"},"query-input":"required name=search_term_string"}],"inLanguage":"en-US"},{"@type":"Organization","@id":"https:\/\/physio-oberson.ch\/#organization","name":"Physio Oberson","url":"https:\/\/physio-oberson.ch\/","logo":{"@type":"ImageObject","inLanguage":"en-US","@id":"https:\/\/physio-oberson.ch\/#\/schema\/logo\/image\/","url":"https:\/\/physio-oberson.ch\/wp-content\/uploads\/2023\/04\/cropped-Physio-Oberson-A1.png","contentUrl":"https:\/\/physio-oberson.ch\/wp-content\/uploads\/2023\/04\/cropped-Physio-Oberson-A1.png","width":2043,"height":749,"caption":"Physio Oberson"},"image":{"@id":"https:\/\/physio-oberson.ch\/#\/schema\/logo\/image\/"}}]}},"_links":{"self":[{"href":"https:\/\/physio-oberson.ch\/index.php\/wp-json\/wp\/v2\/pages\/2239","targetHints":{"allow":["GET"]}}],"collection":[{"href":"https:\/\/physio-oberson.ch\/index.php\/wp-json\/wp\/v2\/pages"}],"about":[{"href":"https:\/\/physio-oberson.ch\/index.php\/wp-json\/wp\/v2\/types\/page"}],"author":[{"embeddable":true,"href":"https:\/\/physio-oberson.ch\/index.php\/wp-json\/wp\/v2\/users\/1"}],"replies":[{"embeddable":true,"href":"https:\/\/physio-oberson.ch\/index.php\/wp-json\/wp\/v2\/comments?post=2239"}],"version-history":[{"count":14,"href":"https:\/\/physio-oberson.ch\/index.php\/wp-json\/wp\/v2\/pages\/2239\/revisions"}],"predecessor-version":[{"id":2402,"href":"https:\/\/physio-oberson.ch\/index.php\/wp-json\/wp\/v2\/pages\/2239\/revisions\/2402"}],"wp:attachment":[{"href":"https:\/\/physio-oberson.ch\/index.php\/wp-json\/wp\/v2\/media?parent=2239"}],"curies":[{"name":"wp","href":"https:\/\/api.w.org\/{rel}","templated":true}]}}