{"id":1710,"date":"2021-11-21T15:14:19","date_gmt":"2021-11-21T15:14:19","guid":{"rendered":"http:\/\/localhost\/physioWebsite\/index.php\/about\/"},"modified":"2024-06-05T08:38:35","modified_gmt":"2024-06-05T08:38:35","slug":"about","status":"publish","type":"page","link":"https:\/\/physio-oberson.ch\/index.php\/about\/","title":{"rendered":"\u00dcber Mich"},"content":{"rendered":"\t\t<div data-elementor-type=\"wp-page\" data-elementor-id=\"1710\" class=\"elementor elementor-1710\">\n\t\t\t\t\t\t<section class=\"elementor-section elementor-top-section elementor-element elementor-element-3447f83 elementor-section-height-min-height elementor-section-full_width elementor-section-items-stretch elementor-section-content-space-between elementor-section-height-default\" data-id=\"3447f83\" data-element_type=\"section\" data-e-type=\"section\" data-settings=\"{&quot;background_background&quot;:&quot;classic&quot;}\">\n\t\t\t\t\t\t<div class=\"elementor-container elementor-column-gap-default\">\n\t\t\t\t\t<div class=\"elementor-column elementor-col-100 elementor-top-column elementor-element elementor-element-b3a35f8\" data-id=\"b3a35f8\" data-element_type=\"column\" data-e-type=\"column\">\n\t\t\t<div class=\"elementor-widget-wrap elementor-element-populated\">\n\t\t\t\t\t\t<div class=\"elementor-element elementor-element-32eb271 elementor-widget elementor-widget-heading\" data-id=\"32eb271\" data-element_type=\"widget\" data-e-type=\"widget\" data-widget_type=\"heading.default\">\n\t\t\t\t<div class=\"elementor-widget-container\">\n\t\t\t\t\t<h1 class=\"elementor-heading-title elementor-size-default\">\u00fcber mich<\/h1>\t\t\t\t<\/div>\n\t\t\t\t<\/div>\n\t\t\t\t<div class=\"elementor-element elementor-element-55a665b elementor-widget elementor-widget-text-editor\" data-id=\"55a665b\" data-element_type=\"widget\" data-e-type=\"widget\" data-widget_type=\"text-editor.default\">\n\t\t\t\t<div class=\"elementor-widget-container\">\n\t\t\t\t\t\t\t\t\t<a href=\"https:\/\/de.freepik.com\/serie\/16601933\">\u00a9<\/a>\t\t\t\t\t\t\t\t<\/div>\n\t\t\t\t<\/div>\n\t\t\t\t\t<\/div>\n\t\t<\/div>\n\t\t\t\t\t<\/div>\n\t\t<\/section>\n\t\t\t\t<section class=\"elementor-section elementor-top-section elementor-element elementor-element-460970c elementor-section-boxed elementor-section-height-default elementor-section-height-default\" data-id=\"460970c\" data-element_type=\"section\" data-e-type=\"section\">\n\t\t\t\t\t\t<div class=\"elementor-container elementor-column-gap-wide\">\n\t\t\t\t\t<div class=\"elementor-column elementor-col-50 elementor-top-column elementor-element elementor-element-21f68a6\" data-id=\"21f68a6\" data-element_type=\"column\" data-e-type=\"column\">\n\t\t\t<div class=\"elementor-widget-wrap elementor-element-populated\">\n\t\t\t\t\t\t<div class=\"elementor-element elementor-element-670e6d2 elementor-widget elementor-widget-image\" data-id=\"670e6d2\" data-element_type=\"widget\" data-e-type=\"widget\" data-widget_type=\"image.default\">\n\t\t\t\t<div class=\"elementor-widget-container\">\n\t\t\t\t\t\t\t\t\t\t\t\t\t\t\t<img fetchpriority=\"high\" decoding=\"async\" width=\"843\" height=\"1000\" src=\"https:\/\/physio-oberson.ch\/wp-content\/uploads\/2023\/02\/HOCH_0257_4.jpg\" class=\"attachment-large size-large wp-image-39\" alt=\"\" srcset=\"https:\/\/physio-oberson.ch\/wp-content\/uploads\/2023\/02\/HOCH_0257_4.jpg 843w, https:\/\/physio-oberson.ch\/wp-content\/uploads\/2023\/02\/HOCH_0257_4-253x300.jpg 253w, https:\/\/physio-oberson.ch\/wp-content\/uploads\/2023\/02\/HOCH_0257_4-768x911.jpg 768w\" sizes=\"(max-width: 843px) 100vw, 843px\" \/>\t\t\t\t\t\t\t\t\t\t\t\t\t\t\t<\/div>\n\t\t\t\t<\/div>\n\t\t\t\t\t<\/div>\n\t\t<\/div>\n\t\t\t\t<div class=\"elementor-column elementor-col-50 elementor-top-column elementor-element elementor-element-bc42c60\" data-id=\"bc42c60\" data-element_type=\"column\" data-e-type=\"column\">\n\t\t\t<div class=\"elementor-widget-wrap elementor-element-populated\">\n\t\t\t\t\t\t<div class=\"elementor-element elementor-element-0073403 elementor-widget elementor-widget-heading\" data-id=\"0073403\" data-element_type=\"widget\" data-e-type=\"widget\" data-widget_type=\"heading.default\">\n\t\t\t\t<div class=\"elementor-widget-container\">\n\t\t\t\t\t<h2 class=\"elementor-heading-title elementor-size-default\">Jean-marc oberson\n<\/h2>\t\t\t\t<\/div>\n\t\t\t\t<\/div>\n\t\t\t\t<div class=\"elementor-element elementor-element-60241e2 elementor-widget elementor-widget-text-editor\" data-id=\"60241e2\" data-element_type=\"widget\" data-e-type=\"widget\" data-widget_type=\"text-editor.default\">\n\t\t\t\t<div class=\"elementor-widget-container\">\n\t\t\t\t\t\t\t\t\t<p>Mein Name ist Jean-Marc Oberson und ich bin Physiotherapeut SRK. Ich habe rund 25 Jahre Berufserfahrung, die mir helfen, den Anliegen meiner Patient:innen gerecht zu werden.<\/p><p>\u00a0<\/p><p>Meine gr\u00f6sste Motivation zur Aus\u00fcbung meines Berufes ist es, durch Fachkompetenz, Professionalit\u00e4t, Vertrauen und Einf\u00fchlsamkeit bei meinen Patient:innen eine nachhaltige Besserung ihrer Symptome und mehr Lebensqualit\u00e4t zu erreichen.<\/p><p>\u00a0<\/p><p>Ich habe Freude, mein Fachwissen so zu vermitteln, dass die Patient:innen die Zusammenh\u00e4nge verstehen und auch im Alltag selber ihre Symptome positiv beeinflussen <span style=\"font-size: 16px; font-style: normal; font-weight: 400;\">und<\/span><span style=\"font-size: 16px; font-style: normal; font-weight: 400;\">\u00a0<\/span><span style=\"font-size: 16px;\">lindern k\u00f6nnen.<\/span><\/p><p>\u00a0<\/p><p><a href=\"https:\/\/physio-oberson.ch\/index.php\/services\/\">Hier<\/a> finden Sie mein Therapiekonzept und meine Therapieformen.<\/p>\t\t\t\t\t\t\t\t<\/div>\n\t\t\t\t<\/div>\n\t\t\t\t\t<\/div>\n\t\t<\/div>\n\t\t\t\t\t<\/div>\n\t\t<\/section>\n\t\t\t\t<section class=\"elementor-section elementor-top-section elementor-element elementor-element-ac430eb elementor-section-content-space-between elementor-section-full_width elementor-section-height-min-height elementor-section-items-top elementor-section-stretched elementor-section-height-default\" data-id=\"ac430eb\" data-element_type=\"section\" data-e-type=\"section\" data-settings=\"{&quot;background_background&quot;:&quot;classic&quot;,&quot;stretch_section&quot;:&quot;section-stretched&quot;}\">\n\t\t\t\t\t\t<div class=\"elementor-container elementor-column-gap-default\">\n\t\t\t\t\t<div class=\"elementor-column elementor-col-100 elementor-top-column elementor-element elementor-element-1b75528\" data-id=\"1b75528\" data-element_type=\"column\" data-e-type=\"column\">\n\t\t\t<div class=\"elementor-widget-wrap elementor-element-populated\">\n\t\t\t\t\t\t<div class=\"elementor-element elementor-element-53de8de elementor-widget elementor-widget-heading\" data-id=\"53de8de\" data-element_type=\"widget\" data-e-type=\"widget\" data-widget_type=\"heading.default\">\n\t\t\t\t<div class=\"elementor-widget-container\">\n\t\t\t\t\t<h2 class=\"elementor-heading-title elementor-size-default\">Termin Buchen<\/h2>\t\t\t\t<\/div>\n\t\t\t\t<\/div>\n\t\t\t\t<div class=\"elementor-element elementor-element-8e1e5ec elementor-widget elementor-widget-text-editor\" data-id=\"8e1e5ec\" data-element_type=\"widget\" data-e-type=\"widget\" data-widget_type=\"text-editor.default\">\n\t\t\t\t<div class=\"elementor-widget-container\">\n\t\t\t\t\t\t\t\t\t<p>Konnte ich Sie \u00fcberzeugen? Melden Sie sich heute noch an.<br><\/p>\t\t\t\t\t\t\t\t<\/div>\n\t\t\t\t<\/div>\n\t\t\t\t<div class=\"elementor-element elementor-element-4420bac elementor-align-center elementor-widget elementor-widget-button\" data-id=\"4420bac\" data-element_type=\"widget\" data-e-type=\"widget\" data-widget_type=\"button.default\">\n\t\t\t\t<div class=\"elementor-widget-container\">\n\t\t\t\t\t\t\t\t\t<div class=\"elementor-button-wrapper\">\n\t\t\t\t\t<a class=\"elementor-button elementor-button-link elementor-size-sm\" href=\"https:\/\/physio-oberson.ch\/index.php\/contact\/\">\n\t\t\t\t\t\t<span class=\"elementor-button-content-wrapper\">\n\t\t\t\t\t\t\t\t\t<span class=\"elementor-button-text\">Kontakt<\/span>\n\t\t\t\t\t<\/span>\n\t\t\t\t\t<\/a>\n\t\t\t\t<\/div>\n\t\t\t\t\t\t\t\t<\/div>\n\t\t\t\t<\/div>\n\t\t\t\t<div class=\"elementor-element elementor-element-3d3b833 elementor-widget elementor-widget-text-editor\" data-id=\"3d3b833\" data-element_type=\"widget\" data-e-type=\"widget\" data-widget_type=\"text-editor.default\">\n\t\t\t\t<div class=\"elementor-widget-container\">\n\t\t\t\t\t\t\t\t\t<a href=\"https:\/\/www.freepik.com\/free-photo\/patient-doing-physical-rehabilitation-helped-by-therapists_21539995.htm#query=physiotherapy&amp;position=6&amp;from_view=search&amp;track=sph\">\u00a9<\/a>\t\t\t\t\t\t\t\t<\/div>\n\t\t\t\t<\/div>\n\t\t\t\t\t<\/div>\n\t\t<\/div>\n\t\t\t\t\t<\/div>\n\t\t<\/section>\n\t\t\t\t<\/div>\n\t\t","protected":false},"excerpt":{"rendered":"<p>\u00fcber mich \u00a9 Jean-marc oberson Mein Name ist Jean-Marc Oberson und ich bin Physiotherapeut SRK. Ich habe rund 25 Jahre Berufserfahrung, die mir helfen, den Anliegen meiner Patient:innen gerecht zu werden. \u00a0 Meine gr\u00f6sste Motivation zur Aus\u00fcbung meines Berufes ist es, durch Fachkompetenz, Professionalit\u00e4t, Vertrauen und Einf\u00fchlsamkeit bei meinen Patient:innen eine nachhaltige Besserung ihrer Symptome [&hellip;]<\/p>\n","protected":false},"author":1,"featured_media":0,"parent":0,"menu_order":0,"comment_status":"closed","ping_status":"closed","template":"","meta":{"site-sidebar-layout":"no-sidebar","site-content-layout":"page-builder","ast-site-content-layout":"full-width-container","site-content-style":"unboxed","site-sidebar-style":"unboxed","ast-global-header-display":"","ast-banner-title-visibility":"","ast-main-header-display":"","ast-hfb-above-header-display":"","ast-hfb-below-header-display":"","ast-hfb-mobile-header-display":"","site-post-title":"disabled","ast-breadcrumbs-content":"","ast-featured-img":"disabled","footer-sml-layout":"","ast-disable-related-posts":"","theme-transparent-header-meta":"enabled","adv-header-id-meta":"","stick-header-meta":"","header-above-stick-meta":"","header-main-stick-meta":"","header-below-stick-meta":"","astra-migrate-meta-layouts":"set","ast-page-background-enabled":"default","ast-page-background-meta":{"desktop":{"background-color":"var(--ast-global-color-4)","background-image":"","background-repeat":"repeat","background-position":"center center","background-size":"auto","background-attachment":"scroll","background-type":"","background-media":"","overlay-type":"","overlay-color":"","overlay-opacity":"","overlay-gradient":""},"tablet":{"background-color":"","background-image":"","background-repeat":"repeat","background-position":"center center","background-size":"auto","background-attachment":"scroll","background-type":"","background-media":"","overlay-type":"","overlay-color":"","overlay-opacity":"","overlay-gradient":""},"mobile":{"background-color":"","background-image":"","background-repeat":"repeat","background-position":"center center","background-size":"auto","background-attachment":"scroll","background-type":"","background-media":"","overlay-type":"","overlay-color":"","overlay-opacity":"","overlay-gradient":""}},"ast-content-background-meta":{"desktop":{"background-color":"var(--ast-global-color-5)","background-image":"","background-repeat":"repeat","background-position":"center center","background-size":"auto","background-attachment":"scroll","background-type":"","background-media":"","overlay-type":"","overlay-color":"","overlay-opacity":"","overlay-gradient":""},"tablet":{"background-color":"var(--ast-global-color-5)","background-image":"","background-repeat":"repeat","background-position":"center center","background-size":"auto","background-attachment":"scroll","background-type":"","background-media":"","overlay-type":"","overlay-color":"","overlay-opacity":"","overlay-gradient":""},"mobile":{"background-color":"var(--ast-global-color-5)","background-image":"","background-repeat":"repeat","background-position":"center center","background-size":"auto","background-attachment":"scroll","background-type":"","background-media":"","overlay-type":"","overlay-color":"","overlay-opacity":"","overlay-gradient":""}},"footnotes":""},"class_list":["post-1710","page","type-page","status-publish","hentry"],"yoast_head":"<!-- This site is optimized with the Yoast SEO plugin v21.3 - https:\/\/yoast.com\/wordpress\/plugins\/seo\/ -->\n<title>\u00dcber Mich - Physio Oberson<\/title>\n<meta name=\"robots\" content=\"index, follow, max-snippet:-1, max-image-preview:large, max-video-preview:-1\" \/>\n<link rel=\"canonical\" href=\"https:\/\/physio-oberson.ch\/index.php\/about\/\" \/>\n<meta property=\"og:locale\" content=\"en_US\" \/>\n<meta property=\"og:type\" content=\"article\" \/>\n<meta property=\"og:title\" content=\"\u00dcber Mich - Physio Oberson\" \/>\n<meta property=\"og:description\" content=\"\u00fcber mich \u00a9 Jean-marc oberson Mein Name ist Jean-Marc Oberson und ich bin Physiotherapeut SRK. Ich habe rund 25 Jahre Berufserfahrung, die mir helfen, den Anliegen meiner Patient:innen gerecht zu werden. \u00a0 Meine gr\u00f6sste Motivation zur Aus\u00fcbung meines Berufes ist es, durch Fachkompetenz, Professionalit\u00e4t, Vertrauen und Einf\u00fchlsamkeit bei meinen Patient:innen eine nachhaltige Besserung ihrer Symptome [&hellip;]\" \/>\n<meta property=\"og:url\" content=\"https:\/\/physio-oberson.ch\/index.php\/about\/\" \/>\n<meta property=\"og:site_name\" content=\"Physio Oberson\" \/>\n<meta property=\"article:modified_time\" content=\"2024-06-05T08:38:35+00:00\" \/>\n<meta property=\"og:image\" content=\"https:\/\/physio-oberson.ch\/wp-content\/uploads\/2023\/02\/HOCH_0257_4.jpg\" \/>\n<meta name=\"twitter:card\" content=\"summary_large_image\" \/>\n<meta name=\"twitter:label1\" content=\"Est. reading time\" \/>\n\t<meta name=\"twitter:data1\" content=\"1 minute\" \/>\n<script type=\"application\/ld+json\" class=\"yoast-schema-graph\">{\"@context\":\"https:\/\/schema.org\",\"@graph\":[{\"@type\":\"WebPage\",\"@id\":\"https:\/\/physio-oberson.ch\/index.php\/about\/\",\"url\":\"https:\/\/physio-oberson.ch\/index.php\/about\/\",\"name\":\"\u00dcber Mich - Physio Oberson\",\"isPartOf\":{\"@id\":\"https:\/\/physio-oberson.ch\/#website\"},\"datePublished\":\"2021-11-21T15:14:19+00:00\",\"dateModified\":\"2024-06-05T08:38:35+00:00\",\"breadcrumb\":{\"@id\":\"https:\/\/physio-oberson.ch\/index.php\/about\/#breadcrumb\"},\"inLanguage\":\"en-US\",\"potentialAction\":[{\"@type\":\"ReadAction\",\"target\":[\"https:\/\/physio-oberson.ch\/index.php\/about\/\"]}]},{\"@type\":\"BreadcrumbList\",\"@id\":\"https:\/\/physio-oberson.ch\/index.php\/about\/#breadcrumb\",\"itemListElement\":[{\"@type\":\"ListItem\",\"position\":1,\"name\":\"Home\",\"item\":\"https:\/\/physio-oberson.ch\/\"},{\"@type\":\"ListItem\",\"position\":2,\"name\":\"\u00dcber Mich\"}]},{\"@type\":\"WebSite\",\"@id\":\"https:\/\/physio-oberson.ch\/#website\",\"url\":\"https:\/\/physio-oberson.ch\/\",\"name\":\"Physio Oberson\",\"description\":\"Physiotherapie in Thalwil am Z\u00fcrichsee\",\"publisher\":{\"@id\":\"https:\/\/physio-oberson.ch\/#organization\"},\"potentialAction\":[{\"@type\":\"SearchAction\",\"target\":{\"@type\":\"EntryPoint\",\"urlTemplate\":\"https:\/\/physio-oberson.ch\/?s={search_term_string}\"},\"query-input\":\"required name=search_term_string\"}],\"inLanguage\":\"en-US\"},{\"@type\":\"Organization\",\"@id\":\"https:\/\/physio-oberson.ch\/#organization\",\"name\":\"Physio Oberson\",\"url\":\"https:\/\/physio-oberson.ch\/\",\"logo\":{\"@type\":\"ImageObject\",\"inLanguage\":\"en-US\",\"@id\":\"https:\/\/physio-oberson.ch\/#\/schema\/logo\/image\/\",\"url\":\"https:\/\/physio-oberson.ch\/wp-content\/uploads\/2023\/04\/cropped-Physio-Oberson-A1.png\",\"contentUrl\":\"https:\/\/physio-oberson.ch\/wp-content\/uploads\/2023\/04\/cropped-Physio-Oberson-A1.png\",\"width\":2043,\"height\":749,\"caption\":\"Physio Oberson\"},\"image\":{\"@id\":\"https:\/\/physio-oberson.ch\/#\/schema\/logo\/image\/\"}}]}<\/script>\n<!-- \/ Yoast SEO plugin. -->","yoast_head_json":{"title":"\u00dcber Mich - Physio Oberson","robots":{"index":"index","follow":"follow","max-snippet":"max-snippet:-1","max-image-preview":"max-image-preview:large","max-video-preview":"max-video-preview:-1"},"canonical":"https:\/\/physio-oberson.ch\/index.php\/about\/","og_locale":"en_US","og_type":"article","og_title":"\u00dcber Mich - Physio Oberson","og_description":"\u00fcber mich \u00a9 Jean-marc oberson Mein Name ist Jean-Marc Oberson und ich bin Physiotherapeut SRK. Ich habe rund 25 Jahre Berufserfahrung, die mir helfen, den Anliegen meiner Patient:innen gerecht zu werden. \u00a0 Meine gr\u00f6sste Motivation zur Aus\u00fcbung meines Berufes ist es, durch Fachkompetenz, Professionalit\u00e4t, Vertrauen und Einf\u00fchlsamkeit bei meinen Patient:innen eine nachhaltige Besserung ihrer Symptome [&hellip;]","og_url":"https:\/\/physio-oberson.ch\/index.php\/about\/","og_site_name":"Physio Oberson","article_modified_time":"2024-06-05T08:38:35+00:00","og_image":[{"url":"https:\/\/physio-oberson.ch\/wp-content\/uploads\/2023\/02\/HOCH_0257_4.jpg"}],"twitter_card":"summary_large_image","twitter_misc":{"Est. reading time":"1 minute"},"schema":{"@context":"https:\/\/schema.org","@graph":[{"@type":"WebPage","@id":"https:\/\/physio-oberson.ch\/index.php\/about\/","url":"https:\/\/physio-oberson.ch\/index.php\/about\/","name":"\u00dcber Mich - Physio Oberson","isPartOf":{"@id":"https:\/\/physio-oberson.ch\/#website"},"datePublished":"2021-11-21T15:14:19+00:00","dateModified":"2024-06-05T08:38:35+00:00","breadcrumb":{"@id":"https:\/\/physio-oberson.ch\/index.php\/about\/#breadcrumb"},"inLanguage":"en-US","potentialAction":[{"@type":"ReadAction","target":["https:\/\/physio-oberson.ch\/index.php\/about\/"]}]},{"@type":"BreadcrumbList","@id":"https:\/\/physio-oberson.ch\/index.php\/about\/#breadcrumb","itemListElement":[{"@type":"ListItem","position":1,"name":"Home","item":"https:\/\/physio-oberson.ch\/"},{"@type":"ListItem","position":2,"name":"\u00dcber Mich"}]},{"@type":"WebSite","@id":"https:\/\/physio-oberson.ch\/#website","url":"https:\/\/physio-oberson.ch\/","name":"Physio Oberson","description":"Physiotherapie in Thalwil am Z\u00fcrichsee","publisher":{"@id":"https:\/\/physio-oberson.ch\/#organization"},"potentialAction":[{"@type":"SearchAction","target":{"@type":"EntryPoint","urlTemplate":"https:\/\/physio-oberson.ch\/?s={search_term_string}"},"query-input":"required name=search_term_string"}],"inLanguage":"en-US"},{"@type":"Organization","@id":"https:\/\/physio-oberson.ch\/#organization","name":"Physio Oberson","url":"https:\/\/physio-oberson.ch\/","logo":{"@type":"ImageObject","inLanguage":"en-US","@id":"https:\/\/physio-oberson.ch\/#\/schema\/logo\/image\/","url":"https:\/\/physio-oberson.ch\/wp-content\/uploads\/2023\/04\/cropped-Physio-Oberson-A1.png","contentUrl":"https:\/\/physio-oberson.ch\/wp-content\/uploads\/2023\/04\/cropped-Physio-Oberson-A1.png","width":2043,"height":749,"caption":"Physio Oberson"},"image":{"@id":"https:\/\/physio-oberson.ch\/#\/schema\/logo\/image\/"}}]}},"_links":{"self":[{"href":"https:\/\/physio-oberson.ch\/index.php\/wp-json\/wp\/v2\/pages\/1710","targetHints":{"allow":["GET"]}}],"collection":[{"href":"https:\/\/physio-oberson.ch\/index.php\/wp-json\/wp\/v2\/pages"}],"about":[{"href":"https:\/\/physio-oberson.ch\/index.php\/wp-json\/wp\/v2\/types\/page"}],"author":[{"embeddable":true,"href":"https:\/\/physio-oberson.ch\/index.php\/wp-json\/wp\/v2\/users\/1"}],"replies":[{"embeddable":true,"href":"https:\/\/physio-oberson.ch\/index.php\/wp-json\/wp\/v2\/comments?post=1710"}],"version-history":[{"count":72,"href":"https:\/\/physio-oberson.ch\/index.php\/wp-json\/wp\/v2\/pages\/1710\/revisions"}],"predecessor-version":[{"id":2380,"href":"https:\/\/physio-oberson.ch\/index.php\/wp-json\/wp\/v2\/pages\/1710\/revisions\/2380"}],"wp:attachment":[{"href":"https:\/\/physio-oberson.ch\/index.php\/wp-json\/wp\/v2\/media?parent=1710"}],"curies":[{"name":"wp","href":"https:\/\/api.w.org\/{rel}","templated":true}]}}